{"id":5289,"date":"2025-06-11T08:07:18","date_gmt":"2025-06-11T08:07:18","guid":{"rendered":"https:\/\/lms.winteh.si\/center-zasebnosti\/dpo-kontakt\/"},"modified":"2025-06-11T08:45:42","modified_gmt":"2025-06-11T08:45:42","slug":"dpo-kontakt","status":"publish","type":"page","link":"https:\/\/lms.winteh.si\/hr\/center-zasebnosti\/dpo-kontakt\/","title":{"rendered":"DPO Kontakt"},"content":{"rendered":"<div data-elementor-type=\"wp-page\" data-elementor-id=\"5289\" class=\"elementor elementor-5289\">\n\t\t\t\t<div class=\"elementor-element elementor-element-938eac5 e-flex e-con-boxed e-con e-parent\" data-id=\"938eac5\" data-element_type=\"container\" data-settings=\"{&quot;background_background&quot;:&quot;classic&quot;,&quot;wdb_enable_cursor_hover_effect_text&quot;:&quot;View&quot;}\">\n\t\t\t\t\t<div class=\"e-con-inner\">\n\t\t<div class=\"elementor-element elementor-element-f05f5b2 e-con-full e-flex e-con e-child\" data-id=\"f05f5b2\" data-element_type=\"container\" data-settings=\"{&quot;wdb_enable_cursor_hover_effect_text&quot;:&quot;View&quot;}\">\n\t\t\t\t<div class=\"elementor-element elementor-element-5e09b87 elementor-widget elementor-widget-heading\" data-id=\"5e09b87\" data-element_type=\"widget\" data-widget_type=\"heading.default\">\n\t\t\t\t<div class=\"elementor-widget-container\">\n\t\t\t\t\t<h2 class=\"elementor-heading-title elementor-size-default\">DPO Kontakt<\/h2>\t\t\t\t<\/div>\n\t\t\t\t<\/div>\n\t\t\t\t<\/div>\n\t\t\t\t\t<\/div>\n\t\t\t\t<\/div>\n\t\t<div class=\"elementor-element elementor-element-593be35a e-flex e-con-boxed e-con e-parent\" data-id=\"593be35a\" data-element_type=\"container\" data-settings=\"{&quot;wdb_enable_cursor_hover_effect_text&quot;:&quot;View&quot;}\">\n\t\t\t\t\t<div class=\"e-con-inner\">\n\t\t\t\t<div class=\"elementor-element elementor-element-75856cb elementor-widget elementor-widget-heading\" data-id=\"75856cb\" data-element_type=\"widget\" data-widget_type=\"heading.default\">\n\t\t\t\t<div class=\"elementor-widget-container\">\n\t\t\t\t\t<p class=\"elementor-heading-title elementor-size-default\">Ako \u017eelite stupiti u kontakt s odgovornom osobom za osobne podatke koji se pohranjuju na na\u0161oj web stranici, molimo vas da ispunite donji obrazac. <\/p>\t\t\t\t<\/div>\n\t\t\t\t<\/div>\n\t\t\t\t<div class=\"elementor-element elementor-element-4dc545b8 elementor-widget elementor-widget-shortcode\" data-id=\"4dc545b8\" data-element_type=\"widget\" data-widget_type=\"shortcode.default\">\n\t\t\t\t<div class=\"elementor-widget-container\">\n\t\t\t\t\t\t\t<div class=\"elementor-shortcode\"><a class=\"wordpress-gdpr-back-link\" href=\"https:\/\/lms.winteh.si\/hr\/center-zasebnosti\/\">&larr; Return to Privacy Center<\/a><form action=\"\/hr\/wp-json\/wp\/v2\/pages\/5289\" class=\"wordpress-gdpr-form wordpress-gdpr-form-contact-dpo\" method=\"post\" data-trp-original-action=\"\/hr\/wp-json\/wp\/v2\/pages\/5289\"><input type=\"hidden\" name=\"wordpress_gdpr_form_type\" value=\"contact-dpo\"><div class=\"form-group\"><label for=\"gdpr_firstname\">Your First Name (*)<\/label><input class=\"form-control\" type=\"text\" name=\"gdpr_firstname\" value=\"\" required \/><\/div><div class=\"form-group\"><label for=\"gdpr_lastname\">Your Last Name (*)<\/label><input class=\"form-control\" type=\"text\" name=\"gdpr_lastname\" value=\"\" required \/><\/div><div class=\"form-group\"><label for=\"gdpr_email\">Your Email (*)<\/label><input class=\"form-control\" type=\"email\" name=\"gdpr_email\" value=\"\" required \/><\/div><div class=\"form-group\"><label for=\"gdpr_message\">Your message (*)<\/label><textarea class=\"form-control\" name=\"gdpr_message\" required \/><\/textarea><\/div><div class=\"form-group\"><label for=\"gdpr_terms\"><input id=\"gdpr_terms\" class=\"form-control\" type=\"checkbox\" name=\"gdpr_terms\" value=\"1\" required \/><span class=\"gdpr-accept-conditiones-text\"><span style=\"color: #0c2957; font-family: Barlow, sans-serif; font-size: 18px;\">Sla\u017eem se s politikom privatnosti i da se moji podaci mogu pohraniti na temelju zahtjeva prema GDPR-u.<\/span><\/span><\/label><\/div><input type=\"submit\" name=\"gdpr_submitted\" value=\"Submit\"\/><input type=\"hidden\" name=\"trp-form-language\" value=\"hr\"\/><\/form><\/div>\n\t\t\t\t\t\t<\/div>\n\t\t\t\t<\/div>\n\t\t\t\t\t<\/div>\n\t\t\t\t<\/div>\n\t\t\t\t<\/div>","protected":false},"excerpt":{"rendered":"<p>DPO Kontakt \u010ce \u017eelite stopiti v kontakt z odgovorno osebo za osebne podatke, ki se shranjujejo na na\u0161i spletni strani, vas prosimo, da izpolnite spodnji obrazec.<\/p>","protected":false},"author":1,"featured_media":0,"parent":5279,"menu_order":0,"comment_status":"closed","ping_status":"closed","template":"","meta":{"inline_featured_image":false,"footnotes":""},"class_list":["post-5289","page","type-page","status-publish","hentry"],"_links":{"self":[{"href":"https:\/\/lms.winteh.si\/hr\/wp-json\/wp\/v2\/pages\/5289","targetHints":{"allow":["GET"]}}],"collection":[{"href":"https:\/\/lms.winteh.si\/hr\/wp-json\/wp\/v2\/pages"}],"about":[{"href":"https:\/\/lms.winteh.si\/hr\/wp-json\/wp\/v2\/types\/page"}],"author":[{"embeddable":true,"href":"https:\/\/lms.winteh.si\/hr\/wp-json\/wp\/v2\/users\/1"}],"replies":[{"embeddable":true,"href":"https:\/\/lms.winteh.si\/hr\/wp-json\/wp\/v2\/comments?post=5289"}],"version-history":[{"count":15,"href":"https:\/\/lms.winteh.si\/hr\/wp-json\/wp\/v2\/pages\/5289\/revisions"}],"predecessor-version":[{"id":5330,"href":"https:\/\/lms.winteh.si\/hr\/wp-json\/wp\/v2\/pages\/5289\/revisions\/5330"}],"up":[{"embeddable":true,"href":"https:\/\/lms.winteh.si\/hr\/wp-json\/wp\/v2\/pages\/5279"}],"wp:attachment":[{"href":"https:\/\/lms.winteh.si\/hr\/wp-json\/wp\/v2\/media?parent=5289"}],"curies":[{"name":"wp","href":"https:\/\/api.w.org\/{rel}","templated":true}]}}