{"id":5292,"date":"2025-06-11T08:07:18","date_gmt":"2025-06-11T08:07:18","guid":{"rendered":"https:\/\/lms.winteh.si\/center-zasebnosti\/urejanje-podatkov\/"},"modified":"2025-06-11T09:02:14","modified_gmt":"2025-06-11T09:02:14","slug":"urejanje-podatkov","status":"publish","type":"page","link":"https:\/\/lms.winteh.si\/hr\/center-zasebnosti\/urejanje-podatkov\/","title":{"rendered":"Urejanje podatkov"},"content":{"rendered":"<div data-elementor-type=\"wp-page\" data-elementor-id=\"5292\" class=\"elementor elementor-5292\">\n\t\t\t\t<div class=\"elementor-element elementor-element-8e6bc05 e-flex e-con-boxed e-con e-parent\" data-id=\"8e6bc05\" data-element_type=\"container\" data-settings=\"{&quot;background_background&quot;:&quot;classic&quot;,&quot;wdb_enable_cursor_hover_effect_text&quot;:&quot;View&quot;}\">\n\t\t\t\t\t<div class=\"e-con-inner\">\n\t\t<div class=\"elementor-element elementor-element-a6abf8c e-con-full e-flex e-con e-child\" data-id=\"a6abf8c\" data-element_type=\"container\" data-settings=\"{&quot;wdb_enable_cursor_hover_effect_text&quot;:&quot;View&quot;}\">\n\t\t\t\t<div class=\"elementor-element elementor-element-cebf53c elementor-widget elementor-widget-heading\" data-id=\"cebf53c\" data-element_type=\"widget\" data-widget_type=\"heading.default\">\n\t\t\t\t<div class=\"elementor-widget-container\">\n\t\t\t\t\t<h2 class=\"elementor-heading-title elementor-size-default\">Ure\u0111ivanje osobnih podataka<\/h2>\t\t\t\t<\/div>\n\t\t\t\t<\/div>\n\t\t\t\t<\/div>\n\t\t\t\t\t<\/div>\n\t\t\t\t<\/div>\n\t\t<div class=\"elementor-element elementor-element-3163fdac e-flex e-con-boxed e-con e-parent\" data-id=\"3163fdac\" data-element_type=\"container\" data-settings=\"{&quot;wdb_enable_cursor_hover_effect_text&quot;:&quot;View&quot;}\">\n\t\t\t\t\t<div class=\"e-con-inner\">\n\t\t\t\t<div class=\"elementor-element elementor-element-a2c680c elementor-widget elementor-widget-heading\" data-id=\"a2c680c\" data-element_type=\"widget\" data-widget_type=\"heading.default\">\n\t\t\t\t<div class=\"elementor-widget-container\">\n\t\t\t\t\t<p class=\"elementor-heading-title elementor-size-default\">Ako \u017eelite da uredimo va\u0161e osobne podatke pohranjene na na\u0161oj web stranici, molimo vas da ispunite donji obrazac.<\/p>\t\t\t\t<\/div>\n\t\t\t\t<\/div>\n\t\t\t\t<div class=\"elementor-element elementor-element-306d8253 elementor-widget elementor-widget-shortcode\" data-id=\"306d8253\" data-element_type=\"widget\" data-widget_type=\"shortcode.default\">\n\t\t\t\t<div class=\"elementor-widget-container\">\n\t\t\t\t\t\t\t<div class=\"elementor-shortcode\"><a class=\"wordpress-gdpr-back-link\" href=\"https:\/\/lms.winteh.si\/hr\/center-zasebnosti\/\">&larr; Return to Privacy Center<\/a><form action=\"\/hr\/wp-json\/wp\/v2\/pages\/5292\" class=\"wordpress-gdpr-form wordpress-gdpr-form-data-rectification\" method=\"post\" data-trp-original-action=\"\/hr\/wp-json\/wp\/v2\/pages\/5292\"><input type=\"hidden\" name=\"wordpress_gdpr_form_type\" value=\"data-rectification\"><div class=\"form-group\"><label for=\"gdpr_firstname\">Your First Name (*)<\/label><input class=\"form-control\" type=\"text\" name=\"gdpr_firstname\" value=\"\" required \/><\/div><div class=\"form-group\"><label for=\"gdpr_lastname\">Your Last Name (*)<\/label><input class=\"form-control\" type=\"text\" name=\"gdpr_lastname\" value=\"\" required \/><\/div><div class=\"form-group\"><label for=\"gdpr_email\">Your Email (*)<\/label><input class=\"form-control\" type=\"email\" name=\"gdpr_email\" value=\"\" required \/><\/div><div class=\"form-group\"><label for=\"gdpr_message\">Your message (*)<\/label><textarea class=\"form-control\" name=\"gdpr_message\" required \/><\/textarea><\/div><div class=\"form-group\"><label for=\"gdpr_terms\"><input id=\"gdpr_terms\" class=\"form-control\" type=\"checkbox\" name=\"gdpr_terms\" value=\"1\" required \/><span class=\"gdpr-accept-conditiones-text\"><span style=\"color: #0c2957; font-family: Barlow, sans-serif; font-size: 18px;\">Sla\u017eem se s politikom privatnosti i da se moji podaci mogu pohraniti na temelju zahtjeva prema GDPR-u.<\/span><\/span><\/label><\/div><input type=\"submit\" name=\"gdpr_submitted\" value=\"Submit\"\/><input type=\"hidden\" name=\"trp-form-language\" value=\"hr\"\/><\/form><\/div>\n\t\t\t\t\t\t<\/div>\n\t\t\t\t<\/div>\n\t\t\t\t\t<\/div>\n\t\t\t\t<\/div>\n\t\t\t\t<\/div>","protected":false},"excerpt":{"rendered":"<p>Urejanje osebnih podatkov \u010ce \u017eelite, da uredimo va\u0161e osebne podatke, ki so shranjeni na na\u0161i spletni strani, vas prosimo, da izpolnite spodnji obrazec<\/p>","protected":false},"author":1,"featured_media":0,"parent":5279,"menu_order":0,"comment_status":"closed","ping_status":"closed","template":"","meta":{"inline_featured_image":false,"footnotes":""},"class_list":["post-5292","page","type-page","status-publish","hentry"],"_links":{"self":[{"href":"https:\/\/lms.winteh.si\/hr\/wp-json\/wp\/v2\/pages\/5292","targetHints":{"allow":["GET"]}}],"collection":[{"href":"https:\/\/lms.winteh.si\/hr\/wp-json\/wp\/v2\/pages"}],"about":[{"href":"https:\/\/lms.winteh.si\/hr\/wp-json\/wp\/v2\/types\/page"}],"author":[{"embeddable":true,"href":"https:\/\/lms.winteh.si\/hr\/wp-json\/wp\/v2\/users\/1"}],"replies":[{"embeddable":true,"href":"https:\/\/lms.winteh.si\/hr\/wp-json\/wp\/v2\/comments?post=5292"}],"version-history":[{"count":6,"href":"https:\/\/lms.winteh.si\/hr\/wp-json\/wp\/v2\/pages\/5292\/revisions"}],"predecessor-version":[{"id":5354,"href":"https:\/\/lms.winteh.si\/hr\/wp-json\/wp\/v2\/pages\/5292\/revisions\/5354"}],"up":[{"embeddable":true,"href":"https:\/\/lms.winteh.si\/hr\/wp-json\/wp\/v2\/pages\/5279"}],"wp:attachment":[{"href":"https:\/\/lms.winteh.si\/hr\/wp-json\/wp\/v2\/media?parent=5292"}],"curies":[{"name":"wp","href":"https:\/\/api.w.org\/{rel}","templated":true}]}}