{"id":5419,"date":"2025-06-13T14:22:20","date_gmt":"2025-06-13T14:22:20","guid":{"rendered":"https:\/\/lms.winteh.si\/?page_id=5419"},"modified":"2025-06-16T14:11:53","modified_gmt":"2025-06-16T14:11:53","slug":"kaj-je-lms","status":"publish","type":"page","link":"https:\/\/lms.winteh.si\/hr\/winteh-lms\/kaj-je-lms\/","title":{"rendered":"\u0160to je LMS?"},"content":{"rendered":"<div data-elementor-type=\"wp-page\" data-elementor-id=\"5419\" class=\"elementor elementor-5419\">\n\t\t\t\t<div class=\"elementor-element elementor-element-d045576 e-flex e-con-boxed e-con e-parent\" data-id=\"d045576\" data-element_type=\"container\" data-settings=\"{&quot;background_background&quot;:&quot;classic&quot;,&quot;wdb_enable_cursor_hover_effect_text&quot;:&quot;View&quot;}\">\n\t\t\t\t\t<div class=\"e-con-inner\">\n\t\t<div class=\"elementor-element elementor-element-f66e1c9 e-con-full e-flex e-con e-child\" data-id=\"f66e1c9\" data-element_type=\"container\" data-settings=\"{&quot;wdb_enable_cursor_hover_effect_text&quot;:&quot;View&quot;}\">\n\t\t\t\t<div class=\"elementor-element elementor-element-797c524 elementor-widget__width-initial elementor-widget elementor-widget-heading\" data-id=\"797c524\" data-element_type=\"widget\" data-widget_type=\"heading.default\">\n\t\t\t\t<div class=\"elementor-widget-container\">\n\t\t\t\t\t<h2 class=\"elementor-heading-title elementor-size-default\">\u0160to je sustav za upravljanje u\u010denjem \u2013 LMS?<\/h2>\t\t\t\t<\/div>\n\t\t\t\t<\/div>\n\t\t\t\t<div class=\"elementor-element elementor-element-95ca586 elementor-widget__width-initial elementor-widget-mobile__width-inherit elementor-widget elementor-widget-text-editor\" data-id=\"95ca586\" data-element_type=\"widget\" data-widget_type=\"text-editor.default\">\n\t\t\t\t<div class=\"elementor-widget-container\">\n\t\t\t\t\t\t\t\t\t<p data-start=\"184\" data-end=\"389\">LMS je digitalno rje\u0161enje koje organizacijama poma\u017ee provoditi, upravljati i pratiti u\u010denje \u2014 zaposlenicima omogu\u0107uje prilagodljiv pristup obrazovanju i osigurava mjerljive rezultate u\u010denja.<\/p>\t\t\t\t\t\t\t\t<\/div>\n\t\t\t\t<\/div>\n\t\t\t\t<\/div>\n\t\t\t\t\t<\/div>\n\t\t\t\t<\/div>\n\t\t<div class=\"elementor-element elementor-element-cc59d42 e-flex e-con-boxed e-con e-parent\" data-id=\"cc59d42\" data-element_type=\"container\" data-settings=\"{&quot;wdb_enable_cursor_hover_effect_text&quot;:&quot;View&quot;,&quot;background_background&quot;:&quot;classic&quot;}\">\n\t\t\t\t\t<div class=\"e-con-inner\">\n\t\t<div class=\"elementor-element elementor-element-e510cb1 e-con-full e-flex e-con e-child\" data-id=\"e510cb1\" data-element_type=\"container\" data-settings=\"{&quot;wdb_enable_cursor_hover_effect_text&quot;:&quot;View&quot;}\">\n\t\t<div class=\"elementor-element elementor-element-248b15c e-con-full e-flex e-con e-child\" data-id=\"248b15c\" data-element_type=\"container\" data-settings=\"{&quot;wdb_enable_cursor_hover_effect_text&quot;:&quot;View&quot;}\">\n\t\t<div class=\"elementor-element elementor-element-ffad6e0 e-con-full e-flex e-con e-child\" data-id=\"ffad6e0\" data-element_type=\"container\" data-settings=\"{&quot;wdb_enable_cursor_hover_effect_text&quot;:&quot;View&quot;}\">\n\t\t\t\t<div class=\"elementor-element elementor-element-f3444e1 elementor-widget__width-initial elementor-widget elementor-widget-heading\" data-id=\"f3444e1\" data-element_type=\"widget\" data-widget_type=\"heading.default\">\n\t\t\t\t<div class=\"elementor-widget-container\">\n\t\t\t\t\t<h2 class=\"elementor-heading-title elementor-size-default\">Kako LMS funkcionira?<\/h2>\t\t\t\t<\/div>\n\t\t\t\t<\/div>\n\t\t\t\t<\/div>\n\t\t\t\t<div class=\"elementor-element elementor-element-ac954d4 elementor-widget__width-initial elementor-widget-mobile__width-inherit elementor-widget elementor-widget-text-editor\" data-id=\"ac954d4\" data-element_type=\"widget\" data-widget_type=\"text-editor.default\">\n\t\t\t\t<div class=\"elementor-widget-container\">\n\t\t\t\t\t\t\t\t\t<p data-start=\"200\" data-end=\"480\">LMS osigurava centraliziranu platformu za hosting i provo\u0111enje te\u010dajeva, pra\u0107enje napretka i upravljanje u\u010denicima. Organizacijama omogu\u0107uje strukturirano provo\u0111enje u\u010denja, pra\u0107enje uspje\u0161nosti i skaliranje obrazovanja na razini cijelog poduze\u0107a.<\/p>\t\t\t\t\t\t\t\t<\/div>\n\t\t\t\t<\/div>\n\t\t\t\t<\/div>\n\t\t<div class=\"elementor-element elementor-element-272fafe e-con-full e-flex e-con e-child\" data-id=\"272fafe\" data-element_type=\"container\" data-settings=\"{&quot;wdb_enable_cursor_hover_effect_text&quot;:&quot;View&quot;}\">\n\t\t<div class=\"elementor-element elementor-element-4b06d0a e-con-full e-flex e-con e-child\" data-id=\"4b06d0a\" data-element_type=\"container\" data-settings=\"{&quot;wdb_enable_cursor_hover_effect_text&quot;:&quot;View&quot;}\">\n\t\t\t\t<div class=\"elementor-element elementor-element-605e0ef elementor-widget elementor-widget-image\" data-id=\"605e0ef\" data-element_type=\"widget\" data-widget_type=\"image.default\">\n\t\t\t\t<div class=\"elementor-widget-container\">\n\t\t\t\t\t\t\t\t\t\t\t\t\t\t\t<img fetchpriority=\"high\" decoding=\"async\" width=\"1024\" height=\"764\" src=\"https:\/\/lms.winteh.si\/wp-content\/uploads\/2025\/06\/undraw_project-completed_fwjq.svg\" class=\"attachment-large size-large wp-image-5427\" alt=\"\" \/>\t\t\t\t\t\t\t\t\t\t\t\t\t\t\t<\/div>\n\t\t\t\t<\/div>\n\t\t\t\t<\/div>\n\t\t<div class=\"elementor-element elementor-element-2df6d39 e-con-full e-flex e-con e-child\" data-id=\"2df6d39\" data-element_type=\"container\" data-settings=\"{&quot;wdb_enable_cursor_hover_effect_text&quot;:&quot;View&quot;}\">\n\t\t\t\t<div class=\"elementor-element elementor-element-249c154 elementor-widget__width-initial elementor-widget elementor-widget-heading\" data-id=\"249c154\" data-element_type=\"widget\" data-widget_type=\"heading.default\">\n\t\t\t\t<div class=\"elementor-widget-container\">\n\t\t\t\t\t<h2 class=\"elementor-heading-title elementor-size-default\">LMS vam omogu\u0107uje:<\/h2>\t\t\t\t<\/div>\n\t\t\t\t<\/div>\n\t\t\t\t<div class=\"elementor-element elementor-element-b676f39 elementor-mobile-align-left elementor-widget-mobile__width-initial elementor-icon-list--layout-traditional elementor-list-item-link-full_width elementor-widget elementor-widget-icon-list\" data-id=\"b676f39\" data-element_type=\"widget\" data-widget_type=\"icon-list.default\">\n\t\t\t\t<div class=\"elementor-widget-container\">\n\t\t\t\t\t\t\t<ul class=\"elementor-icon-list-items\">\n\t\t\t\t\t\t\t<li class=\"elementor-icon-list-item\">\n\t\t\t\t\t\t\t\t\t\t\t<span class=\"elementor-icon-list-icon\">\n\t\t\t\t\t\t\t<i aria-hidden=\"true\" class=\"fas fa-check-circle\"><\/i>\t\t\t\t\t\t<\/span>\n\t\t\t\t\t\t\t\t\t\t<span class=\"elementor-icon-list-text\">Hosting i izvo\u0111enje te\u010dajeva i obrazovnih sadr\u017eaja<\/span>\n\t\t\t\t\t\t\t\t\t<\/li>\n\t\t\t\t\t\t\t\t<li class=\"elementor-icon-list-item\">\n\t\t\t\t\t\t\t\t\t\t\t<span class=\"elementor-icon-list-icon\">\n\t\t\t\t\t\t\t<i aria-hidden=\"true\" class=\"fas fa-check-circle\"><\/i>\t\t\t\t\t\t<\/span>\n\t\t\t\t\t\t\t\t\t\t<span class=\"elementor-icon-list-text\">Pra\u0107enje napretka korisnika i zavr\u0161etka te\u010dajeva<\/span>\n\t\t\t\t\t\t\t\t\t<\/li>\n\t\t\t\t\t\t\t\t<li class=\"elementor-icon-list-item\">\n\t\t\t\t\t\t\t\t\t\t\t<span class=\"elementor-icon-list-icon\">\n\t\t\t\t\t\t\t<i aria-hidden=\"true\" class=\"fas fa-check-circle\"><\/i>\t\t\t\t\t\t<\/span>\n\t\t\t\t\t\t\t\t\t\t<span class=\"elementor-icon-list-text\">Izdavanje certifikata o uspje\u0161no zavr\u0161enim te\u010dajevima<\/span>\n\t\t\t\t\t\t\t\t\t<\/li>\n\t\t\t\t\t\t\t\t<li class=\"elementor-icon-list-item\">\n\t\t\t\t\t\t\t\t\t\t\t<span class=\"elementor-icon-list-icon\">\n\t\t\t\t\t\t\t<i aria-hidden=\"true\" class=\"fas fa-check-circle\"><\/i>\t\t\t\t\t\t<\/span>\n\t\t\t\t\t\t\t\t\t\t<span class=\"elementor-icon-list-text\">Personalizaciju obrazovnih putanja<\/span>\n\t\t\t\t\t\t\t\t\t<\/li>\n\t\t\t\t\t\t\t\t<li class=\"elementor-icon-list-item\">\n\t\t\t\t\t\t\t\t\t\t\t<span class=\"elementor-icon-list-icon\">\n\t\t\t\t\t\t\t<i aria-hidden=\"true\" class=\"fas fa-check-circle\"><\/i>\t\t\t\t\t\t<\/span>\n\t\t\t\t\t\t\t\t\t\t<span class=\"elementor-icon-list-text\">Izvje\u0161tavanje o rezultatima u\u010denja i uskla\u0111enosti<\/span>\n\t\t\t\t\t\t\t\t\t<\/li>\n\t\t\t\t\t\t\t\t<li class=\"elementor-icon-list-item\">\n\t\t\t\t\t\t\t\t\t\t\t<span class=\"elementor-icon-list-icon\">\n\t\t\t\t\t\t\t<i aria-hidden=\"true\" class=\"fas fa-check-circle\"><\/i>\t\t\t\t\t\t<\/span>\n\t\t\t\t\t\t\t\t\t\t<span class=\"elementor-icon-list-text\">Sigurno upravljanje korisnicima i ulogama<\/span>\n\t\t\t\t\t\t\t\t\t<\/li>\n\t\t\t\t\t\t<\/ul>\n\t\t\t\t\t\t<\/div>\n\t\t\t\t<\/div>\n\t\t\t\t<\/div>\n\t\t\t\t<\/div>\n\t\t\t\t<\/div>\n\t\t\t\t\t<\/div>\n\t\t\t\t<\/div>\n\t\t<div class=\"elementor-element elementor-element-223d8b1 e-flex e-con-boxed e-con e-parent\" data-id=\"223d8b1\" data-element_type=\"container\" data-settings=\"{&quot;wdb_enable_cursor_hover_effect_text&quot;:&quot;View&quot;,&quot;background_background&quot;:&quot;classic&quot;}\">\n\t\t\t\t\t<div class=\"e-con-inner\">\n\t\t<div class=\"elementor-element elementor-element-73f98d9 e-con-full e-flex e-con e-child\" data-id=\"73f98d9\" data-element_type=\"container\" data-settings=\"{&quot;wdb_enable_cursor_hover_effect_text&quot;:&quot;View&quot;}\">\n\t\t\t\t<div class=\"elementor-element elementor-element-8e6c055 elementor-widget__width-initial elementor-widget elementor-widget-image\" data-id=\"8e6c055\" data-element_type=\"widget\" data-widget_type=\"image.default\">\n\t\t\t\t<div class=\"elementor-widget-container\">\n\t\t\t\t\t\t\t\t\t\t\t\t\t\t\t<img decoding=\"async\" width=\"1024\" height=\"716\" src=\"https:\/\/lms.winteh.si\/wp-content\/uploads\/2025\/06\/undraw_data_0ml2.svg\" class=\"attachment-large size-large wp-image-5439\" alt=\"\" \/>\t\t\t\t\t\t\t\t\t\t\t\t\t\t\t<\/div>\n\t\t\t\t<\/div>\n\t\t<div class=\"elementor-element elementor-element-2b6e3de e-con-full e-flex e-con e-child\" data-id=\"2b6e3de\" data-element_type=\"container\" data-settings=\"{&quot;wdb_enable_cursor_hover_effect_text&quot;:&quot;View&quot;}\">\n\t\t\t\t<div class=\"elementor-element elementor-element-7907adb elementor-widget__width-initial elementor-widget-mobile__width-initial elementor-widget elementor-widget-heading\" data-id=\"7907adb\" data-element_type=\"widget\" data-widget_type=\"heading.default\">\n\t\t\t\t<div class=\"elementor-widget-container\">\n\t\t\t\t\t<h2 class=\"elementor-heading-title elementor-size-default\">Za\u0161to organizacije koriste LMS?<\/h2>\t\t\t\t<\/div>\n\t\t\t\t<\/div>\n\t\t\t\t<div class=\"elementor-element elementor-element-350f28c elementor-widget__width-initial elementor-widget-mobile__width-inherit elementor-widget elementor-widget-text-editor\" data-id=\"350f28c\" data-element_type=\"widget\" data-widget_type=\"text-editor.default\">\n\t\t\t\t<div class=\"elementor-widget-container\">\n\t\t\t\t\t\t\t\t\t<p>U dana\u0161njem brzo mijenjaju\u0107em poslovnom okru\u017eenju, kontinuirano u\u010denje ima klju\u010dnu va\u017enost. LMS omogu\u0107uje poduze\u0107ima provo\u0111enje obrazovanja na vi\u0161oj razini \u2014 od uvo\u0111enja novih zaposlenika, razvoja rukovode\u0107ih kadrova, do osiguravanja uskla\u0111enosti s tehni\u010dkim vje\u0161tinama \u2014 sve to uz potpuni uvid u rezultate u\u010denja.<\/p>\t\t\t\t\t\t\t\t<\/div>\n\t\t\t\t<\/div>\n\t\t\t\t<div class=\"elementor-element elementor-element-9d174fa elementor-widget__width-initial elementor-widget elementor-widget-heading\" data-id=\"9d174fa\" data-element_type=\"widget\" data-widget_type=\"heading.default\">\n\t\t\t\t<div class=\"elementor-widget-container\">\n\t\t\t\t\t<h2 class=\"elementor-heading-title elementor-size-default\">Klju\u010dne prednosti:<\/h2>\t\t\t\t<\/div>\n\t\t\t\t<\/div>\n\t\t\t\t<div class=\"elementor-element elementor-element-b32f763 elementor-mobile-align-left elementor-widget-mobile__width-initial elementor-icon-list--layout-traditional elementor-list-item-link-full_width elementor-widget elementor-widget-icon-list\" data-id=\"b32f763\" data-element_type=\"widget\" data-widget_type=\"icon-list.default\">\n\t\t\t\t<div class=\"elementor-widget-container\">\n\t\t\t\t\t\t\t<ul class=\"elementor-icon-list-items\">\n\t\t\t\t\t\t\t<li class=\"elementor-icon-list-item\">\n\t\t\t\t\t\t\t\t\t\t\t<span class=\"elementor-icon-list-icon\">\n\t\t\t\t\t\t\t<i aria-hidden=\"true\" class=\"fas fa-check-circle\"><\/i>\t\t\t\t\t\t<\/span>\n\t\t\t\t\t\t\t\t\t\t<span class=\"elementor-icon-list-text\">Jedinstveno znanje u svim timovima<\/span>\n\t\t\t\t\t\t\t\t\t<\/li>\n\t\t\t\t\t\t\t\t<li class=\"elementor-icon-list-item\">\n\t\t\t\t\t\t\t\t\t\t\t<span class=\"elementor-icon-list-icon\">\n\t\t\t\t\t\t\t<i aria-hidden=\"true\" class=\"fas fa-check-circle\"><\/i>\t\t\t\t\t\t<\/span>\n\t\t\t\t\t\t\t\t\t\t<span class=\"elementor-icon-list-text\">Br\u017ee uvo\u0111enje novih zaposlenika<\/span>\n\t\t\t\t\t\t\t\t\t<\/li>\n\t\t\t\t\t\t\t\t<li class=\"elementor-icon-list-item\">\n\t\t\t\t\t\t\t\t\t\t\t<span class=\"elementor-icon-list-icon\">\n\t\t\t\t\t\t\t<i aria-hidden=\"true\" class=\"fas fa-check-circle\"><\/i>\t\t\t\t\t\t<\/span>\n\t\t\t\t\t\t\t\t\t\t<span class=\"elementor-icon-list-text\">Mjerljiv napredak i pra\u0107enje uskla\u0111enosti<\/span>\n\t\t\t\t\t\t\t\t\t<\/li>\n\t\t\t\t\t\t\t\t<li class=\"elementor-icon-list-item\">\n\t\t\t\t\t\t\t\t\t\t\t<span class=\"elementor-icon-list-icon\">\n\t\t\t\t\t\t\t<i aria-hidden=\"true\" class=\"fas fa-check-circle\"><\/i>\t\t\t\t\t\t<\/span>\n\t\t\t\t\t\t\t\t\t\t<span class=\"elementor-icon-list-text\">Prilagodljivo, samostalno u\u010denje za sve korisnike<\/span>\n\t\t\t\t\t\t\t\t\t<\/li>\n\t\t\t\t\t\t<\/ul>\n\t\t\t\t\t\t<\/div>\n\t\t\t\t<\/div>\n\t\t\t\t<\/div>\n\t\t\t\t<\/div>\n\t\t<div class=\"elementor-element elementor-element-daa1ae8 e-con-full e-flex e-con e-child\" data-id=\"daa1ae8\" data-element_type=\"container\" data-settings=\"{&quot;wdb_enable_cursor_hover_effect_text&quot;:&quot;View&quot;}\">\n\t\t\t\t<div class=\"elementor-element elementor-element-5b29a96 elementor-widget__width-initial elementor-widget elementor-widget-heading\" data-id=\"5b29a96\" data-element_type=\"widget\" data-widget_type=\"heading.default\">\n\t\t\t\t<div class=\"elementor-widget-container\">\n\t\t\t\t\t<h2 class=\"elementor-heading-title elementor-size-default\">Zanima vas vi\u0161e o modernim LMS rje\u0161enjima?<\/h2>\t\t\t\t<\/div>\n\t\t\t\t<\/div>\n\t\t\t\t<div class=\"elementor-element elementor-element-45ce806 elementor-widget__width-initial elementor-widget-mobile__width-inherit elementor-widget elementor-widget-text-editor\" data-id=\"45ce806\" data-element_type=\"widget\" data-widget_type=\"text-editor.default\">\n\t\t\t\t<div class=\"elementor-widget-container\">\n\t\t\t\t\t\t\t\t\t<p>Otkrijte kako vam WINTEH LMS mo\u017ee pomo\u0107i u postizanju ciljeva u\u010denja i razvoja zaposlen.<\/p>\t\t\t\t\t\t\t\t<\/div>\n\t\t\t\t<\/div>\n\t\t\t\t<div class=\"elementor-element elementor-element-beb2d30 elementor-widget__width-initial elementor-widget-tablet__width-inherit elementor-widget elementor-widget-wdb--button\" data-id=\"beb2d30\" data-element_type=\"widget\" data-widget_type=\"wdb--button.default\">\n\t\t\t\t<div class=\"elementor-widget-container\">\n\t\t\t\t\t        <div class=\"wdb__btn\">\r\n\t\t\t                <a href=\"\/hr\/kontakt\/\" class=\"wdb-btn-default btn-rollover-left\">\r\n\t\t\t\t\t\t\t\t\t\tNapravite prvi korak                <\/a>\r\n\t\t\t\t        <\/div>\r\n\t\t\t\t\t\t<\/div>\n\t\t\t\t<\/div>\n\t\t\t\t<div class=\"elementor-element elementor-element-3095d4a elementor-widget elementor-widget-image\" data-id=\"3095d4a\" data-element_type=\"widget\" data-widget_type=\"image.default\">\n\t\t\t\t<div class=\"elementor-widget-container\">\n\t\t\t\t\t\t\t\t\t\t\t\t\t\t\t<img decoding=\"async\" width=\"1024\" height=\"726\" src=\"https:\/\/lms.winteh.si\/wp-content\/uploads\/2025\/06\/undraw_messaging-app_wfqi.svg\" class=\"attachment-large size-large wp-image-5444\" alt=\"\" \/>\t\t\t\t\t\t\t\t\t\t\t\t\t\t\t<\/div>\n\t\t\t\t<\/div>\n\t\t\t\t<\/div>\n\t\t\t\t\t<\/div>\n\t\t\t\t<\/div>\n\t\t\t\t<\/div>","protected":false},"excerpt":{"rendered":"<p>Kaj je sistem za upravljanje u\u010denja &#8211; LMS? LMS je digitalna re\u0161itev, ki organizacijam pomaga izvajati, upravljati in spremljati u\u010denje \u2014 zaposlenim omogo\u010da prilagodljiv dostop do izobra\u017eevanj ter zagotavlja merljive u\u010dne rezultate. Kako deluje LMS? LMS zagotavlja osrednjo platformo za gostovanje in izvajanje te\u010dajev, spremljanje napredka ter upravljanje u\u010dencev. Organizacijam omogo\u010da strukturirano izvajanje u\u010denja, spremljanje [&hellip;]<\/p>","protected":false},"author":2,"featured_media":0,"parent":5384,"menu_order":0,"comment_status":"closed","ping_status":"closed","template":"elementor_header_footer","meta":{"inline_featured_image":false,"footnotes":""},"class_list":["post-5419","page","type-page","status-publish","hentry"],"_links":{"self":[{"href":"https:\/\/lms.winteh.si\/hr\/wp-json\/wp\/v2\/pages\/5419","targetHints":{"allow":["GET"]}}],"collection":[{"href":"https:\/\/lms.winteh.si\/hr\/wp-json\/wp\/v2\/pages"}],"about":[{"href":"https:\/\/lms.winteh.si\/hr\/wp-json\/wp\/v2\/types\/page"}],"author":[{"embeddable":true,"href":"https:\/\/lms.winteh.si\/hr\/wp-json\/wp\/v2\/users\/2"}],"replies":[{"embeddable":true,"href":"https:\/\/lms.winteh.si\/hr\/wp-json\/wp\/v2\/comments?post=5419"}],"version-history":[{"count":43,"href":"https:\/\/lms.winteh.si\/hr\/wp-json\/wp\/v2\/pages\/5419\/revisions"}],"predecessor-version":[{"id":5500,"href":"https:\/\/lms.winteh.si\/hr\/wp-json\/wp\/v2\/pages\/5419\/revisions\/5500"}],"up":[{"embeddable":true,"href":"https:\/\/lms.winteh.si\/hr\/wp-json\/wp\/v2\/pages\/5384"}],"wp:attachment":[{"href":"https:\/\/lms.winteh.si\/hr\/wp-json\/wp\/v2\/media?parent=5419"}],"curies":[{"name":"wp","href":"https:\/\/api.w.org\/{rel}","templated":true}]}}