{"id":694,"date":"2024-10-09T07:22:06","date_gmt":"2024-10-09T07:22:06","guid":{"rendered":"https:\/\/techstartup-zenix.keystonedemo.com\/?page_id=694"},"modified":"2025-06-11T07:09:36","modified_gmt":"2025-06-11T07:09:36","slug":"o-nas","status":"publish","type":"page","link":"https:\/\/lms.winteh.si\/hr\/o-nas\/","title":{"rendered":"O nama"},"content":{"rendered":"<div data-elementor-type=\"wp-page\" data-elementor-id=\"694\" class=\"elementor elementor-694\">\n\t\t\t\t<div class=\"elementor-element elementor-element-dd790af e-flex e-con-boxed e-con e-parent\" data-id=\"dd790af\" data-element_type=\"container\" data-settings=\"{&quot;background_background&quot;:&quot;classic&quot;,&quot;wdb_enable_cursor_hover_effect_text&quot;:&quot;View&quot;}\">\n\t\t\t\t\t<div class=\"e-con-inner\">\n\t\t<div class=\"elementor-element elementor-element-1e3d523 e-con-full e-flex e-con e-child\" data-id=\"1e3d523\" data-element_type=\"container\" data-settings=\"{&quot;wdb_enable_cursor_hover_effect_text&quot;:&quot;View&quot;}\">\n\t\t\t\t<div class=\"elementor-element elementor-element-5cf94bc elementor-widget-mobile__width-initial elementor-widget elementor-widget-heading\" data-id=\"5cf94bc\" data-element_type=\"widget\" data-widget_type=\"heading.default\">\n\t\t\t\t<div class=\"elementor-widget-container\">\n\t\t\t\t\t<h2 class=\"elementor-heading-title elementor-size-default\">O nama<\/h2>\t\t\t\t<\/div>\n\t\t\t\t<\/div>\n\t\t\t\t<div class=\"elementor-element elementor-element-a057c2b elementor-widget__width-initial elementor-widget-mobile__width-inherit elementor-widget elementor-widget-text-editor\" data-id=\"a057c2b\" data-element_type=\"widget\" data-widget_type=\"text-editor.default\">\n\t\t\t\t<div class=\"elementor-widget-container\">\n\t\t\t\t\t\t\t\t\t<p>U WINTEH LMS-u spajamo tehnologiju i stru\u010dno znanje kako bismo oblikovali budu\u0107nost digitalnog obrazovanja \u2014 omogu\u0107ujemo tvrtkama u\u010denje s jasnim ciljem, povjerenjem i mjerljivim rezultatima.<\/p>\t\t\t\t\t\t\t\t<\/div>\n\t\t\t\t<\/div>\n\t\t\t\t<\/div>\n\t\t\t\t\t<\/div>\n\t\t\t\t<\/div>\n\t\t<div class=\"elementor-element elementor-element-ba651f5 e-flex e-con-boxed e-con e-parent\" data-id=\"ba651f5\" data-element_type=\"container\" data-settings=\"{&quot;wdb_enable_cursor_hover_effect_text&quot;:&quot;View&quot;}\">\n\t\t\t\t\t<div class=\"e-con-inner\">\n\t\t<div class=\"elementor-element elementor-element-0a92561 e-con-full e-flex e-con e-child\" data-id=\"0a92561\" data-element_type=\"container\" data-settings=\"{&quot;wdb_enable_cursor_hover_effect_text&quot;:&quot;View&quot;}\">\n\t\t\t\t<div class=\"elementor-element elementor-element-0f1e9bd elementor-widget elementor-widget-image\" data-id=\"0f1e9bd\" data-element_type=\"widget\" data-widget_type=\"image.default\">\n\t\t\t\t<div class=\"elementor-widget-container\">\n\t\t\t\t\t\t\t\t\t\t\t\t\t\t\t<img fetchpriority=\"high\" decoding=\"async\" width=\"1024\" height=\"525\" src=\"https:\/\/lms.winteh.si\/wp-content\/uploads\/2025\/06\/undraw_engineering-team_13ax.svg\" class=\"attachment-large size-large wp-image-5050\" alt=\"\" \/>\t\t\t\t\t\t\t\t\t\t\t\t\t\t\t<\/div>\n\t\t\t\t<\/div>\n\t\t\t\t<div class=\"elementor-element elementor-element-caa65e9 elementor-widget-mobile__width-inherit elementor-widget__width-initial elementor-widget elementor-widget-text-editor\" data-id=\"caa65e9\" data-element_type=\"widget\" data-widget_type=\"text-editor.default\">\n\t\t\t\t<div class=\"elementor-widget-container\">\n\t\t\t\t\t\t\t\t\t<p>\u00a0<\/p><p>WINTEH LMS je napredni sustav za upravljanje u\u010denjem, osmi\u0161ljen za tvrtke i institucije kojima je potrebno strukturirano, prilagodljivo i rezultatima usmjereno obrazovanje. Platforma je razvijena kori\u0161tenjem najnovijih tehnologija \u2014 uklju\u010duju\u0107i umjetnu inteligenciju i imerzivnu virtualnu stvarnost \u2014 omogu\u0107uju\u0107i prilago\u0111eno u\u010denje u velikom opsegu. Svaki je te\u010daj modularno strukturiran, dostupan i uskla\u0111en s stvarnim potrebama korisnika, \u0161to omogu\u0107uje jasan i u\u010dinkovit prijenos znanja.<\/p><p>Vjerujemo da digitalno u\u010denje mora biti jednostavno za upravljanje, privla\u010dno za korisnike i mjerljivo po rezultatima. Zato WINTEH LMS kontinuirano unapre\u0111ujemo prema potrebama suvremenog obrazovanja \u2014 od tehni\u010dkih radnih mjesta do razvoja liderskih vje\u0161tina.<\/p>\t\t\t\t\t\t\t\t<\/div>\n\t\t\t\t<\/div>\n\t\t\t\t<\/div>\n\t\t\t\t\t<\/div>\n\t\t\t\t<\/div>\n\t\t<div class=\"elementor-element elementor-element-36d403b e-flex e-con-boxed e-con e-parent\" data-id=\"36d403b\" data-element_type=\"container\" data-settings=\"{&quot;wdb_enable_cursor_hover_effect_text&quot;:&quot;View&quot;}\">\n\t\t\t\t\t<div class=\"e-con-inner\">\n\t\t\t\t<div class=\"elementor-element elementor-element-4672387 elementor-align-center elementor-widget elementor-widget-elementskit-button\" data-id=\"4672387\" data-element_type=\"widget\" data-widget_type=\"elementskit-button.default\">\n\t\t\t\t<div class=\"elementor-widget-container\">\n\t\t\t\t\t<div class=\"ekit-wid-con\" >\t\t<div class=\"ekit-btn-wraper\">\n\t\t\t\t\t\t\t<a href=\"\/hr\/kontakt\/\" class=\"elementskit-btn  whitespace--normal\" id=\"\">\n\t\t\t\t\tNapravite prvi korak\t\t\t\t<\/a>\n\t\t\t\t\t<\/div>\n        <\/div>\t\t\t\t<\/div>\n\t\t\t\t<\/div>\n\t\t\t\t\t<\/div>\n\t\t\t\t<\/div>\n\t\t<div class=\"elementor-element elementor-element-6e533b7 e-flex e-con-boxed e-con e-parent\" data-id=\"6e533b7\" data-element_type=\"container\" data-settings=\"{&quot;wdb_enable_cursor_hover_effect_text&quot;:&quot;View&quot;}\">\n\t\t\t\t\t<div class=\"e-con-inner\">\n\t\t<div class=\"elementor-element elementor-element-3c0304b e-con-full e-flex e-con e-child\" data-id=\"3c0304b\" data-element_type=\"container\" data-settings=\"{&quot;wdb_enable_cursor_hover_effect_text&quot;:&quot;View&quot;}\">\n\t\t\t\t<div class=\"elementor-element elementor-element-ecc5721 elementor-widget__width-initial elementor-widget-tablet__width-inherit elementor-widget elementor-widget-heading\" data-id=\"ecc5721\" data-element_type=\"widget\" data-widget_type=\"heading.default\">\n\t\t\t\t<div class=\"elementor-widget-container\">\n\t\t\t\t\t<h2 class=\"elementor-heading-title elementor-size-default\">Pitate se kako funkcionira WINTEH LMS?<\/h2>\t\t\t\t<\/div>\n\t\t\t\t<\/div>\n\t\t\t\t<\/div>\n\t\t<div class=\"elementor-element elementor-element-479aa66 e-grid e-con-full e-con e-child\" data-id=\"479aa66\" data-element_type=\"container\" data-settings=\"{&quot;wdb_enable_cursor_hover_effect_text&quot;:&quot;View&quot;}\">\n\t\t<div class=\"elementor-element elementor-element-06e3440 e-con-full e-flex e-con e-child\" data-id=\"06e3440\" data-element_type=\"container\" data-settings=\"{&quot;wdb_enable_cursor_hover_effect_text&quot;:&quot;View&quot;,&quot;background_background&quot;:&quot;classic&quot;}\">\n\t\t\t\t<div class=\"elementor-element elementor-element-603ad65 elementor-widget elementor-widget-heading\" data-id=\"603ad65\" data-element_type=\"widget\" data-widget_type=\"heading.default\">\n\t\t\t\t<div class=\"elementor-widget-container\">\n\t\t\t\t\t<h4 class=\"elementor-heading-title elementor-size-default\">Korak 1<\/h4>\t\t\t\t<\/div>\n\t\t\t\t<\/div>\n\t\t\t\t<div class=\"elementor-element elementor-element-6295efe elementor-widget elementor-widget-text-editor\" data-id=\"6295efe\" data-element_type=\"widget\" data-widget_type=\"text-editor.default\">\n\t\t\t\t<div class=\"elementor-widget-container\">\n\t\t\t\t\t\t\t\t\t<p>Korisnici dobivaju siguran pristup uskla\u0111en s njihovim ulogama, koji im omogu\u0107uje to\u010dno one sadr\u017eaje koji su im potrebni za njihovu funkciju.<\/p>\t\t\t\t\t\t\t\t<\/div>\n\t\t\t\t<\/div>\n\t\t\t\t<\/div>\n\t\t<div class=\"elementor-element elementor-element-f23b61a e-con-full e-flex e-con e-child\" data-id=\"f23b61a\" data-element_type=\"container\" data-settings=\"{&quot;wdb_enable_cursor_hover_effect_text&quot;:&quot;View&quot;,&quot;background_background&quot;:&quot;classic&quot;}\">\n\t\t\t\t<div class=\"elementor-element elementor-element-b218b45 elementor-widget elementor-widget-heading\" data-id=\"b218b45\" data-element_type=\"widget\" data-widget_type=\"heading.default\">\n\t\t\t\t<div class=\"elementor-widget-container\">\n\t\t\t\t\t<h4 class=\"elementor-heading-title elementor-size-default\">Korak 2<\/h4>\t\t\t\t<\/div>\n\t\t\t\t<\/div>\n\t\t\t\t<div class=\"elementor-element elementor-element-772ed46 elementor-widget elementor-widget-text-editor\" data-id=\"772ed46\" data-element_type=\"widget\" data-widget_type=\"text-editor.default\">\n\t\t\t\t<div class=\"elementor-widget-container\">\n\t\t\t\t\t\t\t\t\t<p>Te\u010dajeve odabiru ru\u010dno ili im ih sustav predla\u017ee na temelju ciljeva, znanja i stila u\u010denja pojedinca.<\/p>\t\t\t\t\t\t\t\t<\/div>\n\t\t\t\t<\/div>\n\t\t\t\t<\/div>\n\t\t<div class=\"elementor-element elementor-element-3615717 e-con-full e-flex e-con e-child\" data-id=\"3615717\" data-element_type=\"container\" data-settings=\"{&quot;wdb_enable_cursor_hover_effect_text&quot;:&quot;View&quot;,&quot;background_background&quot;:&quot;classic&quot;}\">\n\t\t\t\t<div class=\"elementor-element elementor-element-3cc95d4 elementor-widget elementor-widget-heading\" data-id=\"3cc95d4\" data-element_type=\"widget\" data-widget_type=\"heading.default\">\n\t\t\t\t<div class=\"elementor-widget-container\">\n\t\t\t\t\t<h4 class=\"elementor-heading-title elementor-size-default\">Korak 3<\/h4>\t\t\t\t<\/div>\n\t\t\t\t<\/div>\n\t\t\t\t<div class=\"elementor-element elementor-element-88137d0 elementor-widget elementor-widget-text-editor\" data-id=\"88137d0\" data-element_type=\"widget\" data-widget_type=\"text-editor.default\">\n\t\t\t\t<div class=\"elementor-widget-container\">\n\t\t\t\t\t\t\t\t\t<p>Korisnici zavr\u0161avaju interaktivne module i dobivaju potvrdu, dok sustav u pozadini u stvarnom vremenu prati njihov napredak.<\/p>\t\t\t\t\t\t\t\t<\/div>\n\t\t\t\t<\/div>\n\t\t\t\t<\/div>\n\t\t\t\t<\/div>\n\t\t\t\t\t<\/div>\n\t\t\t\t<\/div>\n\t\t\t\t<\/div>","protected":false},"excerpt":{"rendered":"<p>O nas V WINTEH LMS zdru\u017eujemo tehnologijo in strokovno znanje za oblikovanje prihodnosti digitalnega izobra\u017eevanja \u2014 podjetjem omogo\u010damo u\u010denje z jasnim ciljem, zaupanjem in merljivimi rezultati. \u00a0 WINTEH LMS je napreden sistem za upravljanje u\u010denja, zasnovan za podjetja in institucije, ki potrebujejo strukturirano, prilagodljivo in rezultatno usmerjeno izobra\u017eevanje. Platforma, razvita z uporabo najnovej\u0161ih tehnologij \u2014 [&hellip;]<\/p>","protected":false},"author":1,"featured_media":0,"parent":0,"menu_order":0,"comment_status":"closed","ping_status":"closed","template":"elementor_header_footer","meta":{"inline_featured_image":false,"footnotes":""},"class_list":["post-694","page","type-page","status-publish","hentry"],"_links":{"self":[{"href":"https:\/\/lms.winteh.si\/hr\/wp-json\/wp\/v2\/pages\/694","targetHints":{"allow":["GET"]}}],"collection":[{"href":"https:\/\/lms.winteh.si\/hr\/wp-json\/wp\/v2\/pages"}],"about":[{"href":"https:\/\/lms.winteh.si\/hr\/wp-json\/wp\/v2\/types\/page"}],"author":[{"embeddable":true,"href":"https:\/\/lms.winteh.si\/hr\/wp-json\/wp\/v2\/users\/1"}],"replies":[{"embeddable":true,"href":"https:\/\/lms.winteh.si\/hr\/wp-json\/wp\/v2\/comments?post=694"}],"version-history":[{"count":29,"href":"https:\/\/lms.winteh.si\/hr\/wp-json\/wp\/v2\/pages\/694\/revisions"}],"predecessor-version":[{"id":5260,"href":"https:\/\/lms.winteh.si\/hr\/wp-json\/wp\/v2\/pages\/694\/revisions\/5260"}],"wp:attachment":[{"href":"https:\/\/lms.winteh.si\/hr\/wp-json\/wp\/v2\/media?parent=694"}],"curies":[{"name":"wp","href":"https:\/\/api.w.org\/{rel}","templated":true}]}}